{"id":20,"date":"2012-10-10T20:42:57","date_gmt":"2012-10-10T17:42:57","guid":{"rendered":"http:\/\/penttijarkko.com\/?page_id=20"},"modified":"2021-03-04T19:43:58","modified_gmt":"2021-03-04T17:43:58","slug":"tavoitteitani-valtuustokaudelle-2012-16","status":"publish","type":"page","link":"https:\/\/penttijarkko.com\/?page_id=20","title":{"rendered":"Tavoitteitani valtuustokaudelle 2021-25"},"content":{"rendered":"<p><strong>Nykyisen valtuustopaikan uusinta<\/strong><\/p>\n<p>Valtuusto p\u00e4\u00e4tt\u00e4\u00e4 nykyisin hyvin v\u00e4h\u00e4n asioita mutta isoja ja t\u00e4rkeit\u00e4 asioita. Valtuusto linjaa kaupungin toiminnan. Budjetti on isoin p\u00e4\u00e4t\u00f6sasia. N\u00e4ill\u00e4 ratkaistaan isoja suuntaviivoja\u00a0 tuleville vuosille. Sote pist\u00e4\u00e4 budjettiasiat uuteen asentoon. Hyv\u00e4 asia on, ett\u00e4 isoin ep\u00e4varmuustekij\u00e4 budjetista poistuu. Huono asia on, ett\u00e4 investointikyky todenn\u00e4k\u00f6isesti putoaa.<\/p>\n<p><strong>Paikka Ymp\u00e4rist\u00f6 \u2013 tai Tekn. lautakuntaan<\/strong><\/p>\n<p>N\u00e4iden kautta p\u00e4\u00e4see vaikuttamaan investointeihin tai kaavoitukseen. Kuluvalla valtuustokaudella on vaihtunut koko Maank\u00e4yt\u00f6n johtava puoli ja koko rakennustarkastajakentt\u00e4. Sastamalan maine ja maank\u00e4ytt\u00f6puolen edistyneisyys ovat olleet sen verran korkeaa tasoa, ett\u00e4 virkoihin on l\u00f6ytynyt kovan kokemuksen ja osaamisen omaavat henkil\u00f6t.<\/p>\n<p><strong>Puheenjohtajana Rakennuslautakunnassa ja Ymp.lautakunnassa , jota olen tehnyt reilut 12 vuotta, pystyy vaikuttamaan hyvin hankevalmisteluun.<\/strong><\/p>\n<p>Kaavoitus on saatu siihen pisteeseen, ett\u00e4 tontteja l\u00f6ytyy. Huiskon alueelle k\u00e4ynnistyy nopea lis\u00e4kaavoitus kun vapaat alueen tontit yht.\u00e4kki\u00e4 meniv\u00e4tkin kaupaksi. Nosti asian esiin tammikuun lopulla 2021. Teollisuustonttien kohdalla joulukuun valtuustossa nostamani markkinointiasia etenee ty\u00f6ryhm\u00e4ss\u00e4, jossa on yrityspalvelu sek\u00e4 muutama paikallisen yritt\u00e4j\u00e4.<\/p>\n<p>Rakennuslupien k\u00e4sittelyaika on on pudonnut merkitt\u00e4v\u00e4sti ja on nyt luokkaa 2 viikkoa kunhan tarvittava aineisto on k\u00e4sittelij\u00f6ill\u00e4.<\/p>\n<p>Vammalan keskustan kaavahanke etenee sek\u00e4 muutama muukin keskustaan liittyv\u00e4 juttu. N\u00e4ist\u00e4 julkistellaan asioita kunhan asioihin liittyv\u00e4 yksityinen sektori on siihen valmis.<\/p>\n<p><strong>Kylien tonttitarjonnan aktivoiminen<\/strong><\/p>\n<p>Kylien tonttitarjontaan ja kysynt\u00e4\u00e4n n\u00e4ytt\u00e4\u00e4 edelleen vaikuttavan Vesi-ja viem\u00e4riverkko sek\u00e4 valokuituverkko. Haja-asutusalueiden omakotitaloista tuli pula 2020 kun korona ajoi et\u00e4t\u00f6ihin. Et\u00e4t\u00f6ist\u00e4 n\u00e4ytt\u00e4\u00e4 tulevan pysyv\u00e4mpi ilmi\u00f6 ja varsinkin Ellivuoren loma-asuntokaavan muutos vakituisen asumisen sallimiseksi saa lis\u00e4\u00e4 painetta.<\/p>\n<p><strong>Tasapuolinen kohtelu kunnan eri alueille<\/strong><\/p>\n<p>Keskustapuolue on toiminut t\u00e4m\u00e4n mukaan joskin Vammalan keskusta on ollut hieman paitsiossa. T\u00e4t\u00e4 korjataan jo nyt ja tulee parempaan malliin tulevalla valtuustokaudella.<span style=\"color: #ff0000;\"><br \/>\n<\/span><\/p>\n<p><strong>Vanhusten asiat<\/strong><\/p>\n<p>Vanhuspalveluihin n\u00e4ytt\u00e4\u00e4 investoivan vain yksityinen puoli. Kotihoitopuolella kaupungin tulee ryhdist\u00e4yty\u00e4.<\/p>\n<p><strong>Keskusta-alueen palvelutarjonnan ja viihtyvyyden kehitys<\/strong><\/p>\n<p>Torialue \/ pys\u00e4k\u00f6inti (10-korttelin rakentaminen tuo paineen ratkaista asia). Meijerin alueen suunnittelu ja kaavoitus loppuun. Siin\u00e4 on Vammalan arvokkain paikka vajaak\u00e4yt\u00f6ss\u00e4. Tori &#8211; Pororanta; kaavoitus menossa ja keskustan ideakilpailun aineisto on k\u00e4yt\u00f6ss\u00e4. Uimahallikonseptiin on haussa uudenlainen ratkaisu, joka n\u00e4ytt\u00e4\u00e4 etenev\u00e4n.<\/p>\n<p><strong>Kiikoisten ABC:n alueen kehitys ja markkinointi<\/strong><\/p>\n<p>Alue on l\u00e4hes sijainniltaan vastaava kuin H\u00e4ij\u00e4\u00e4 Porista katsoen. Tonttireservi\u00e4 l\u00f6ytyy ja liikenneyhteydet kunnossa. Kehityksell\u00e4 turvataan Kiikoisten palveluja ja koulun s\u00e4ilyminen. T\u00e4m\u00e4 on p\u00f6yd\u00e4ll\u00e4 kev\u00e4\u00e4n 2021 yhteisideoinnissa yritt\u00e4jien kanssa.<\/p>\n<p><strong>Toimintatapojani en lupaa muuttaa eli tulevallakin kaudella<\/strong><\/p>\n<ul>\n<li>tarkkaa taloudenpitoa; minulla on tapana seurata oman vastuualueen kulujen ja tulojen toteutumista. Ei ole ollut budjettiylityksi\u00e4<\/li>\n<li>uudistuksia kaupungin toimintatapoihin edelleen<\/li>\n<li>kilpailutus (ei osata, tavoitteet ep\u00e4selv\u00e4t, on tarvinnut auttaa)<\/li>\n<li>l\u00e4hiruoka kaupungin laitoksiin (kuten Raumalla)<\/li>\n<li>ammattitaitoa ja asukasl\u00e4ht\u00f6isyytt\u00e4 p\u00e4\u00e4t\u00f6ksentekoon<\/li>\n<li>35 vuotta ty\u00f6el\u00e4m\u00e4ss\u00e4 on opettanut asioita ja miten asioita vied\u00e4\u00e4n eteenp\u00e4in Insin\u00f6\u00f6rij\u00e4rjell\u00e4 ja projektip\u00e4\u00e4llikk\u00f6kokemuksella on k\u00e4ytt\u00f6\u00e4 Sastamalassa<\/li>\n<li>tunnen hyvin kaupungin organisaation toiminnan 16v lautakuntakokemuksella. Osallistun mielell\u00e4ni asioiden suunnitteluvaiheessa virkamiesten palavereihin kun oma ajank\u00e4ytt\u00f6ni mahdollistaa l\u00e4hte\u00e4 kaupungintalolle kesken p\u00e4iv\u00e4n.<\/li>\n<li>asukasl\u00e4ht\u00f6isyys<\/li>\n<\/ul>\n<p>&nbsp;<\/p>\n<p>&nbsp;<\/p>\n","protected":false},"excerpt":{"rendered":"<p>Nykyisen valtuustopaikan uusinta Valtuusto p\u00e4\u00e4tt\u00e4\u00e4 nykyisin hyvin v\u00e4h\u00e4n asioita mutta isoja ja t\u00e4rkeit\u00e4 asioita. Valtuusto linjaa kaupungin toiminnan. Budjetti on isoin p\u00e4\u00e4t\u00f6sasia. N\u00e4ill\u00e4 ratkaistaan isoja suuntaviivoja\u00a0 tuleville vuosille. Sote pist\u00e4\u00e4 budjettiasiat uuteen asentoon. Hyv\u00e4 asia on, ett\u00e4 isoin ep\u00e4varmuustekij\u00e4 budjetista &hellip; <a href=\"https:\/\/penttijarkko.com\/?page_id=20\">Lue loppuun <span class=\"meta-nav\">&rarr;<\/span><\/a><\/p>\n","protected":false},"author":1,"featured_media":0,"parent":0,"menu_order":0,"comment_status":"closed","ping_status":"closed","template":"","meta":{"footnotes":""},"class_list":["post-20","page","type-page","status-publish","hentry"],"_links":{"self":[{"href":"https:\/\/penttijarkko.com\/index.php?rest_route=\/wp\/v2\/pages\/20","targetHints":{"allow":["GET"]}}],"collection":[{"href":"https:\/\/penttijarkko.com\/index.php?rest_route=\/wp\/v2\/pages"}],"about":[{"href":"https:\/\/penttijarkko.com\/index.php?rest_route=\/wp\/v2\/types\/page"}],"author":[{"embeddable":true,"href":"https:\/\/penttijarkko.com\/index.php?rest_route=\/wp\/v2\/users\/1"}],"replies":[{"embeddable":true,"href":"https:\/\/penttijarkko.com\/index.php?rest_route=%2Fwp%2Fv2%2Fcomments&post=20"}],"version-history":[{"count":9,"href":"https:\/\/penttijarkko.com\/index.php?rest_route=\/wp\/v2\/pages\/20\/revisions"}],"predecessor-version":[{"id":81,"href":"https:\/\/penttijarkko.com\/index.php?rest_route=\/wp\/v2\/pages\/20\/revisions\/81"}],"wp:attachment":[{"href":"https:\/\/penttijarkko.com\/index.php?rest_route=%2Fwp%2Fv2%2Fmedia&parent=20"}],"curies":[{"name":"wp","href":"https:\/\/api.w.org\/{rel}","templated":true}]}}