{"id":12,"date":"2012-10-10T20:36:58","date_gmt":"2012-10-10T17:36:58","guid":{"rendered":"http:\/\/penttijarkko.com\/?page_id=12"},"modified":"2025-03-15T21:49:35","modified_gmt":"2025-03-15T19:49:35","slug":"esittely","status":"publish","type":"page","link":"https:\/\/penttijarkko.com\/?page_id=12","title":{"rendered":"Esittely"},"content":{"rendered":"<p><strong><a href=\"http:\/\/penttijarkko.com\/wp-content\/uploads\/2012\/10\/pj2.jpg\"><img loading=\"lazy\" decoding=\"async\" class=\" wp-image-39 alignright\" title=\"muotokuva\" src=\"http:\/\/penttijarkko.com\/wp-content\/uploads\/2012\/10\/pj2.jpg\" alt=\"\" width=\"240\" height=\"333\" srcset=\"https:\/\/penttijarkko.com\/wp-content\/uploads\/2012\/10\/pj2.jpg 400w, https:\/\/penttijarkko.com\/wp-content\/uploads\/2012\/10\/pj2-216x300.jpg 216w\" sizes=\"auto, (max-width: 240px) 100vw, 240px\" \/><\/a>Ik\u00e4<\/strong>:<\/p>\n<p>69 vuotta<\/p>\n<p><strong>Mit\u00e4 teen<\/strong>:<\/p>\n<p>Tekninen johtaja omassa yrityksess\u00e4. Osap\u00e4iv\u00e4hommaa ja se sopii omael\u00e4kel\u00e4iselle. Toimin ymp\u00e4rist\u00f6 &#8211; ja energiapuolen konsultointia vientiprojekteissa. Teen hommia my\u00f6s muutaman ymp\u00e4rist\u00f6alan firman kanssa asiantuntijaroolissa sek\u00e4 paikallisten yritysten kanssa ymp\u00e4rist\u00f6asioissa.<\/p>\n<p>&nbsp;<\/p>\n<p>&nbsp;<\/p>\n<p><strong>Miss\u00e4<\/strong>:<\/p>\n<p>LP Jarkko Oy ja firma toimii Sastamalassa.<\/p>\n<p><strong>Koulutus<\/strong>:<\/p>\n<p>Dipl.ins Tampereen Tekn. Korkeakoulu, konetekniikka<\/p>\n<p><strong>Muut teht\u00e4v\u00e4t<\/strong>:<\/p>\n<p>Virallisesti el\u00e4kel\u00e4inen.<\/p>\n<p><strong>Asuinpaikka<\/strong>:<\/p>\n<p>Sastamalan Vaununper\u00e4<\/p>\n<p><strong>Harrastukset<\/strong>:<\/p>\n<p>Juurikaan p\u00e4\u00e4ty\u00f6n ja luottamustointen j\u00e4lkeen ei j\u00e4\u00e4 aikaa kuin lehtien lukuun. Pientila ja mets\u00e4hoitohommat toimii tasapainottavana ty\u00f6leirin\u00e4.<\/p>\n<p><strong>Luottamustoimet<\/strong>:<\/p>\n<ul>\n<li>2000 &#8211; 2004 Vammalan sivistyslautakunnan j\u00e4sen ja Vammalan Tekn. lautakunnan varaj\u00e4sen<\/li>\n<li>2004 &#8211; 2008 Vammalan Tilakeskuksen johtokunnan puh.joht. ja Vammalan valtuuston varaj\u00e4sen<\/li>\n<li>2008 &#8211; 2017\u00a0 Sastamalan rakennuslautakunnan puheenjohtaja<\/li>\n<li>2008 &#8211;\u00a0 \u00a0 \u00a0 \u00a0 \u00a0 \u00a0Sastamalan kaupunginvaltuuston j\u00e4sen<\/li>\n<li>2015 &#8211; 2017\u00a0 Sastamalan kaupunginhallituksen j\u00e4sen<\/li>\n<li>2015 &#8211; 2017\u00a0 Sastamalan kaupungin maank\u00e4ytt\u00f6ty\u00f6ryhm\u00e4n puheenjohtaja<\/li>\n<li>2017 &#8211;\u00a0 \u00a0 \u00a0 \u00a0 \u00a0 \u00a0Sastamalan Ymp\u00e4rist\u00f6lautakunnan puheenjohtaja<\/li>\n<li>2017 &#8211;\u00a0 2021 Sastamalan L\u00e4mp\u00f6 Oy:n hallituksen j\u00e4sen<\/li>\n<\/ul>\n<p><strong>Vaalikoneissa mukana<\/strong>:<\/p>\n<ul>\n<li>Sanoma<\/li>\n<li>Ylen vaalikone<\/li>\n<li>MTV<\/li>\n<\/ul>\n","protected":false},"excerpt":{"rendered":"<p>Ik\u00e4: 69 vuotta Mit\u00e4 teen: Tekninen johtaja omassa yrityksess\u00e4. Osap\u00e4iv\u00e4hommaa ja se sopii omael\u00e4kel\u00e4iselle. Toimin ymp\u00e4rist\u00f6 &#8211; ja energiapuolen konsultointia vientiprojekteissa. Teen hommia my\u00f6s muutaman ymp\u00e4rist\u00f6alan firman kanssa asiantuntijaroolissa sek\u00e4 paikallisten yritysten kanssa ymp\u00e4rist\u00f6asioissa. &nbsp; &nbsp; Miss\u00e4: LP Jarkko Oy &hellip; <a href=\"https:\/\/penttijarkko.com\/?page_id=12\">Lue loppuun <span class=\"meta-nav\">&rarr;<\/span><\/a><\/p>\n","protected":false},"author":1,"featured_media":0,"parent":0,"menu_order":0,"comment_status":"closed","ping_status":"closed","template":"","meta":{"footnotes":""},"class_list":["post-12","page","type-page","status-publish","hentry"],"_links":{"self":[{"href":"https:\/\/penttijarkko.com\/index.php?rest_route=\/wp\/v2\/pages\/12","targetHints":{"allow":["GET"]}}],"collection":[{"href":"https:\/\/penttijarkko.com\/index.php?rest_route=\/wp\/v2\/pages"}],"about":[{"href":"https:\/\/penttijarkko.com\/index.php?rest_route=\/wp\/v2\/types\/page"}],"author":[{"embeddable":true,"href":"https:\/\/penttijarkko.com\/index.php?rest_route=\/wp\/v2\/users\/1"}],"replies":[{"embeddable":true,"href":"https:\/\/penttijarkko.com\/index.php?rest_route=%2Fwp%2Fv2%2Fcomments&post=12"}],"version-history":[{"count":13,"href":"https:\/\/penttijarkko.com\/index.php?rest_route=\/wp\/v2\/pages\/12\/revisions"}],"predecessor-version":[{"id":104,"href":"https:\/\/penttijarkko.com\/index.php?rest_route=\/wp\/v2\/pages\/12\/revisions\/104"}],"wp:attachment":[{"href":"https:\/\/penttijarkko.com\/index.php?rest_route=%2Fwp%2Fv2%2Fmedia&parent=12"}],"curies":[{"name":"wp","href":"https:\/\/api.w.org\/{rel}","templated":true}]}}